{"id":540,"date":"2024-12-30T23:55:12","date_gmt":"2024-12-30T23:55:12","guid":{"rendered":"https:\/\/visit-congordc.com\/?page_id=540"},"modified":"2025-02-04T11:04:34","modified_gmt":"2025-02-04T11:04:34","slug":"goma-nord-kivu","status":"publish","type":"page","link":"https:\/\/visit-congordc.com\/?page_id=540","title":{"rendered":"Goma &#8211; Nord KIVU"},"content":{"rendered":"\n<div class=\"wp-block-uagb-container uagb-block-c0e9101f alignfull uagb-is-root-container\"><div class=\"uagb-container-inner-blocks-wrap\"><\/div><\/div>\n\n\n\n<div class=\"wp-block-uagb-container uagb-block-ccc4bf1c alignfull uagb-is-root-container\"><div class=\"uagb-container-inner-blocks-wrap\">\n<div class=\"wp-block-group is-layout-constrained wp-block-group-is-layout-constrained\">\n<figure style=\"margin-top:var(--wp--preset--spacing--60);margin-bottom:var(--wp--preset--spacing--60);padding-top:var(--wp--preset--spacing--60);padding-right:var(--wp--preset--spacing--60);padding-bottom:var(--wp--preset--spacing--60);padding-left:var(--wp--preset--spacing--60)\" class=\"wp-block-video\"><video height=\"1024\" style=\"aspect-ratio: 576 \/ 1024;\" width=\"576\" autoplay controls loop preload=\"auto\" src=\"https:\/\/visit-congordc.com\/wp-content\/uploads\/2025\/02\/\ud83d\udccd\ud83c\udde8\ud83c\udde9-GOMA-la-plus-belle-\ud83c\udf1f-Celle-que-les-medias-ne-vous-montrent-pas-fyp-tourisme-voirlecongo-goma-pourtoi-congo-tourism-visitcongo-rdc.mp4\" playsinline><\/video><\/figure>\n<\/div>\n<\/div><\/div>\n\n\n\n<p><\/p>\n\n\n\n<div class=\"wp-block-uagb-container uagb-block-33cb2d3d alignfull uagb-is-root-container\"><div class=\"uagb-container-inner-blocks-wrap\"><\/div><\/div>\n\n\n\n<details class=\"wp-block-details alignwide is-layout-flow wp-block-details-is-layout-flow\"><summary><strong>Goma<\/strong>, capitale de la province du Nord-Kivu en R\u00e9publique d\u00e9mocratique du Congo, est situ\u00e9e sur la rive nord du lac Kivu, pr\u00e8s du volcan Nyiragongo. Avec pr\u00e8s de 2 millions d&rsquo;habitants en 2022, c&rsquo;est un centre r\u00e9gional important.<\/summary>\n<p><a href=\"https:\/\/news.un.org\/fr\/story\/2025\/01\/1152571\">Goma<\/a> est connue pour ses paysages spectaculaires, notamment le lac Kivu et les montagnes environnantes, ainsi que pour \u00eatre un point de d\u00e9part vers le <strong><a href=\"https:\/\/visit-congordc.com\/?page_id=369\" data-type=\"page\" data-id=\"369\">parc national des Virunga<\/a><\/strong>, c\u00e9l\u00e8bre pour ses gorilles de montagne et ses volcans. Malgr\u00e9 une histoire marqu\u00e9e par des \u00e9ruptions volcaniques et <strong><a href=\"https:\/\/visit-congordc.com\/?page_id=19\" data-type=\"page\" data-id=\"19\">des conflits-arm\u00e9s<\/a><\/strong>, <a href=\"https:\/\/visit-congordc.com\/?page_id=19\">Goma<\/a> reste un lieu de r\u00e9silience et de culture dynamique. La ville de Goma, fortement impact\u00e9e par le conflit dans l&rsquo;est de la R\u00e9publique D\u00e9mocratique du Congo. Les activit\u00e9s mini\u00e8res ill\u00e9gales et les violences perp\u00e9tr\u00e9es par diff\u00e9rents groupes arm\u00e9s ont un impact d\u00e9vastateur sur la r\u00e9gion. Les affrontements entre les forces gouvernementales et les groupes arm\u00e9s comme le M23 sont malheureusement tr\u00e8s fr\u00e9quents, causant des d\u00e9placements massifs de populations. En 2024, plus de 200 000 personnes ont d\u00fb fuir en moins de trois semaines, vivant dans des conditions difficiles avec un acc\u00e8s limit\u00e9 aux ressources essentielles telles que l&rsquo;eau potable, la nourriture et les services de sant\u00e9. En plus des cons\u00e9quences humanitaires, le conflit a \u00e9galement un impact socio-\u00e9conomique important sur Goma. L&rsquo;ins\u00e9curit\u00e9 constante perturbe les activit\u00e9s \u00e9conomiques locales, augmentant le co\u00fbt de la vie et rendant l&rsquo;acc\u00e8s aux biens de premi\u00e8re n\u00e9cessit\u00e9 difficile. Les infrastructures de la ville sont mises \u00e0 rude \u00e9preuve face \u00e0 l&rsquo;afflux de d\u00e9plac\u00e9s et aux besoins humanitaires croissants. L&rsquo;exploitation ill\u00e9gale des minerais dans les zones environnantes alimente les conflits et finance les groupes arm\u00e9s, exacerbant l&rsquo;instabilit\u00e9 et la violence. Cette situation a des r\u00e9percussions directes sur la s\u00e9curit\u00e9 et le bien-\u00eatre des habitants de Goma, qui subissent les graves cons\u00e9quences humanitaires, socio-\u00e9conomiques et s\u00e9curitaires du conflit dans la r\u00e9gion du Kivu.<\/p>\n<\/details>\n\n\n\n<div class=\"wp-block-uagb-container uagb-block-0ae65369 alignfull uagb-is-root-container\"><div class=\"uagb-container-inner-blocks-wrap\"><\/div><\/div>\n\n\n\n<p><\/p>\n","protected":false},"excerpt":{"rendered":"","protected":false},"author":1,"featured_media":0,"parent":0,"menu_order":0,"comment_status":"closed","ping_status":"closed","template":"","meta":{"_uag_custom_page_level_css":"","footnotes":""},"class_list":["post-540","page","type-page","status-publish","hentry"],"uagb_featured_image_src":{"full":false,"thumbnail":false,"medium":false,"medium_large":false,"large":false,"1536x1536":false,"2048x2048":false},"uagb_author_info":{"display_name":"m23011596","author_link":"https:\/\/visit-congordc.com\/?author=1"},"uagb_comment_info":0,"uagb_excerpt":null,"_links":{"self":[{"href":"https:\/\/visit-congordc.com\/index.php?rest_route=\/wp\/v2\/pages\/540","targetHints":{"allow":["GET"]}}],"collection":[{"href":"https:\/\/visit-congordc.com\/index.php?rest_route=\/wp\/v2\/pages"}],"about":[{"href":"https:\/\/visit-congordc.com\/index.php?rest_route=\/wp\/v2\/types\/page"}],"author":[{"embeddable":true,"href":"https:\/\/visit-congordc.com\/index.php?rest_route=\/wp\/v2\/users\/1"}],"replies":[{"embeddable":true,"href":"https:\/\/visit-congordc.com\/index.php?rest_route=%2Fwp%2Fv2%2Fcomments&post=540"}],"version-history":[{"count":25,"href":"https:\/\/visit-congordc.com\/index.php?rest_route=\/wp\/v2\/pages\/540\/revisions"}],"predecessor-version":[{"id":1837,"href":"https:\/\/visit-congordc.com\/index.php?rest_route=\/wp\/v2\/pages\/540\/revisions\/1837"}],"wp:attachment":[{"href":"https:\/\/visit-congordc.com\/index.php?rest_route=%2Fwp%2Fv2%2Fmedia&parent=540"}],"curies":[{"name":"wp","href":"https:\/\/api.w.org\/{rel}","templated":true}]}}