{"id":384,"date":"2024-12-16T11:39:28","date_gmt":"2024-12-16T11:39:28","guid":{"rendered":"https:\/\/gislain-dieu-donne-makwinj-etu.pedaweb.univ-amu.fr\/wordpress\/?page_id=384"},"modified":"2025-01-15T10:34:29","modified_gmt":"2025-01-15T10:34:29","slug":"le-fleuve-congo","status":"publish","type":"page","link":"https:\/\/visit-congordc.com\/?page_id=384","title":{"rendered":"Le fleuve Congo"},"content":{"rendered":"\n<div class=\"wp-block-uagb-container uagb-block-3499f0a4 alignfull uagb-is-root-container\"><div class=\"uagb-container-inner-blocks-wrap\"><\/div><\/div>\n\n\n\n<div class=\"wp-block-uagb-container uagb-block-873bdf1c alignfull uagb-is-root-container\"><div class=\"uagb-container-inner-blocks-wrap\"><\/div><\/div>\n\n\n\n<div class=\"wp-block-uagb-container uagb-block-c702f9df alignfull uagb-is-root-container\"><div class=\"uagb-container-inner-blocks-wrap\">\n<figure class=\"wp-block-image aligncenter size-large has-custom-border\"><img fetchpriority=\"high\" decoding=\"async\" width=\"1024\" height=\"640\" src=\"https:\/\/visit-congordc.com\/wp-content\/uploads\/2024\/12\/FLEUVE-CONGO-1024x640.png\" alt=\"\" class=\"wp-image-506\" style=\"border-radius:20px\" srcset=\"https:\/\/visit-congordc.com\/wp-content\/uploads\/2024\/12\/FLEUVE-CONGO-1024x640.png 1024w, https:\/\/visit-congordc.com\/wp-content\/uploads\/2024\/12\/FLEUVE-CONGO-300x188.png 300w, https:\/\/visit-congordc.com\/wp-content\/uploads\/2024\/12\/FLEUVE-CONGO-768x480.png 768w, https:\/\/visit-congordc.com\/wp-content\/uploads\/2024\/12\/FLEUVE-CONGO.png 1440w\" sizes=\"(max-width: 1024px) 100vw, 1024px\" \/><figcaption class=\"wp-element-caption\"><strong>Vers Matadi<\/strong><\/figcaption><\/figure>\n<\/div><\/div>\n\n\n\n<p><\/p>\n\n\n\n<div class=\"wp-block-text-columns alignwide columns-2\"><div class=\"wp-block-column\"><p><\/p><\/div><div class=\"wp-block-column\"><p><\/p><\/div><\/div>\n\n\n\n<details class=\"wp-block-details alignwide is-layout-flow wp-block-details-is-layout-flow\"><summary>Le <strong>fleuve Congo<\/strong>, long de 4 700 kilom\u00e8tres, est le deuxi\u00e8me plus long d&rsquo;Afrique apr\u00e8s le Nil. Il se distingue par son d\u00e9bit impressionnant, le deuxi\u00e8me plus \u00e9lev\u00e9 au monde apr\u00e8s l&rsquo;Amazone, avec une moyenne de 50 000 m\u00b3\/s \u00e0 son embouchure. Son bassin versant, couvrant environ 3,7 millions de kilom\u00e8tres carr\u00e9s, est \u00e9galement le deuxi\u00e8me plus grand du monde. <\/summary>\n<p> Le fleuve Congo est l&rsquo;un des plus profonds, atteignant plus de 220 m\u00e8tres par endroits. Il traverse plusieurs pays, dont la R\u00e9publique d\u00e9mocratique du Congo, la R\u00e9publique du Congo et l&rsquo;Angola. Ce fleuve est crucial pour le transport, l&rsquo;alimentation en eau et l&rsquo;\u00e9cosyst\u00e8me de la r\u00e9gion, abritant une biodiversit\u00e9 exceptionnelle avec de nombreuses esp\u00e8ces uniques de poissons, de plantes et d&rsquo;animaux. Il est aussi une source vitale de subsistance pour des millions de personnes vivant dans son bassin.<\/p>\n<\/details>\n\n\n\n<div class=\"wp-block-uagb-container uagb-block-576c9143 alignfull uagb-is-root-container\"><div class=\"uagb-container-inner-blocks-wrap\"><\/div><\/div>\n\n\n\n<div class=\"wp-block-uagb-container uagb-block-be770e3e alignfull uagb-is-root-container\"><div class=\"uagb-container-inner-blocks-wrap\"><\/div><\/div>\n\n\n\n<div class=\"wp-block-uagb-container uagb-block-aa5fd4d8 alignfull uagb-is-root-container\"><div class=\"uagb-container-inner-blocks-wrap\"><\/div><\/div>\n","protected":false},"excerpt":{"rendered":"","protected":false},"author":1,"featured_media":0,"parent":0,"menu_order":0,"comment_status":"closed","ping_status":"closed","template":"","meta":{"_uag_custom_page_level_css":"","footnotes":""},"class_list":["post-384","page","type-page","status-publish","hentry"],"uagb_featured_image_src":{"full":false,"thumbnail":false,"medium":false,"medium_large":false,"large":false,"1536x1536":false,"2048x2048":false},"uagb_author_info":{"display_name":"m23011596","author_link":"https:\/\/visit-congordc.com\/?author=1"},"uagb_comment_info":0,"uagb_excerpt":null,"_links":{"self":[{"href":"https:\/\/visit-congordc.com\/index.php?rest_route=\/wp\/v2\/pages\/384","targetHints":{"allow":["GET"]}}],"collection":[{"href":"https:\/\/visit-congordc.com\/index.php?rest_route=\/wp\/v2\/pages"}],"about":[{"href":"https:\/\/visit-congordc.com\/index.php?rest_route=\/wp\/v2\/types\/page"}],"author":[{"embeddable":true,"href":"https:\/\/visit-congordc.com\/index.php?rest_route=\/wp\/v2\/users\/1"}],"replies":[{"embeddable":true,"href":"https:\/\/visit-congordc.com\/index.php?rest_route=%2Fwp%2Fv2%2Fcomments&post=384"}],"version-history":[{"count":12,"href":"https:\/\/visit-congordc.com\/index.php?rest_route=\/wp\/v2\/pages\/384\/revisions"}],"predecessor-version":[{"id":1056,"href":"https:\/\/visit-congordc.com\/index.php?rest_route=\/wp\/v2\/pages\/384\/revisions\/1056"}],"wp:attachment":[{"href":"https:\/\/visit-congordc.com\/index.php?rest_route=%2Fwp%2Fv2%2Fmedia&parent=384"}],"curies":[{"name":"wp","href":"https:\/\/api.w.org\/{rel}","templated":true}]}}