{"id":377,"date":"2024-12-16T11:37:14","date_gmt":"2024-12-16T11:37:14","guid":{"rendered":"https:\/\/gislain-dieu-donne-makwinj-etu.pedaweb.univ-amu.fr\/wordpress\/?page_id=377"},"modified":"2025-01-15T10:34:00","modified_gmt":"2025-01-15T10:34:00","slug":"la-reserve-dokapi","status":"publish","type":"page","link":"https:\/\/visit-congordc.com\/?page_id=377","title":{"rendered":"La r\u00e9serve d&rsquo;Okapi"},"content":{"rendered":"\n<div class=\"wp-block-uagb-container uagb-block-ae02c54a alignfull uagb-is-root-container\"><div class=\"uagb-container-inner-blocks-wrap\"><\/div><\/div>\n\n\n\n<div class=\"wp-block-uagb-container uagb-block-90983e20 alignfull uagb-is-root-container\"><div class=\"uagb-container-inner-blocks-wrap\"><\/div><\/div>\n\n\n\n<div class=\"wp-block-uagb-container uagb-block-8dfef860 alignfull uagb-is-root-container\"><div class=\"uagb-container-inner-blocks-wrap\"><\/div><\/div>\n\n\n\n<figure class=\"wp-block-image aligncenter size-full has-custom-border\"><img fetchpriority=\"high\" decoding=\"async\" width=\"1440\" height=\"900\" src=\"https:\/\/visit-congordc.com\/wp-content\/uploads\/2024\/12\/OKAPI.png\" alt=\"\" class=\"wp-image-509\" style=\"border-radius:20px\" srcset=\"https:\/\/visit-congordc.com\/wp-content\/uploads\/2024\/12\/OKAPI.png 1440w, https:\/\/visit-congordc.com\/wp-content\/uploads\/2024\/12\/OKAPI-300x188.png 300w, https:\/\/visit-congordc.com\/wp-content\/uploads\/2024\/12\/OKAPI-1024x640.png 1024w, https:\/\/visit-congordc.com\/wp-content\/uploads\/2024\/12\/OKAPI-768x480.png 768w\" sizes=\"(max-width: 1440px) 100vw, 1440px\" \/><figcaption class=\"wp-element-caption\"><strong>Okapi<\/strong><\/figcaption><\/figure>\n\n\n\n<div class=\"wp-block-uagb-container uagb-block-d3fc5d10 alignfull uagb-is-root-container\"><div class=\"uagb-container-inner-blocks-wrap\"><\/div><\/div>\n\n\n\n<p><\/p>\n\n\n\n<details class=\"wp-block-details alignwide is-layout-flow wp-block-details-is-layout-flow\"><summary>La <strong>r\u00e9serve de faune \u00e0 okapis <\/strong>est dans la for\u00eat de l&rsquo;Ituri, au nord-est de la R\u00e9publique d\u00e9mocratique du Congo, pr\u00e8s des fronti\u00e8res avec le Soudan du Sud et l&rsquo;Ouganda. Cr\u00e9\u00e9e en 1992, elle s&rsquo;\u00e9tend sur environ 13 726 km\u00b2, soit environ un cinqui\u00e8me de la for\u00eat d&rsquo;Ituri. En 1996, elle a \u00e9t\u00e9 inscrite au patrimoine mondial de l&rsquo;UNESCO gr\u00e2ce \u00e0 sa biodiversit\u00e9 exceptionnelle et \u00e0 sa population d&rsquo;okapis en danger.<\/summary>\n<p>La r\u00e9serve abrite environ 5 000 okapis, ainsi que d&rsquo;autres esp\u00e8ces menac\u00e9es comme les \u00e9l\u00e9phants, les chimpanz\u00e9s, les l\u00e9opards et de nombreux oiseaux. Elle est aussi habit\u00e9e par des populations indig\u00e8nes, notamment les Pygm\u00e9es Mbuti et les chasseurs Efe. La r\u00e9serve joue un r\u00f4le crucial dans la conservation de ces esp\u00e8ces et dans la protection de l&rsquo;\u00e9cosyst\u00e8me unique de la for\u00eat de l&rsquo;Ituri.<\/p>\n<\/details>\n\n\n\n<div class=\"wp-block-uagb-container uagb-block-a14029c2 alignfull uagb-is-root-container\"><div class=\"uagb-container-inner-blocks-wrap\"><\/div><\/div>\n\n\n\n<div class=\"wp-block-uagb-container uagb-block-c676c841 alignfull uagb-is-root-container\"><div class=\"uagb-container-inner-blocks-wrap\"><\/div><\/div>\n\n\n\n<div class=\"wp-block-uagb-container uagb-block-e99db011 alignfull uagb-is-root-container\"><div class=\"uagb-container-inner-blocks-wrap\"><\/div><\/div>\n","protected":false},"excerpt":{"rendered":"","protected":false},"author":1,"featured_media":0,"parent":0,"menu_order":0,"comment_status":"closed","ping_status":"closed","template":"","meta":{"_uag_custom_page_level_css":"","footnotes":""},"class_list":["post-377","page","type-page","status-publish","hentry"],"uagb_featured_image_src":{"full":false,"thumbnail":false,"medium":false,"medium_large":false,"large":false,"1536x1536":false,"2048x2048":false},"uagb_author_info":{"display_name":"m23011596","author_link":"https:\/\/visit-congordc.com\/?author=1"},"uagb_comment_info":0,"uagb_excerpt":null,"_links":{"self":[{"href":"https:\/\/visit-congordc.com\/index.php?rest_route=\/wp\/v2\/pages\/377","targetHints":{"allow":["GET"]}}],"collection":[{"href":"https:\/\/visit-congordc.com\/index.php?rest_route=\/wp\/v2\/pages"}],"about":[{"href":"https:\/\/visit-congordc.com\/index.php?rest_route=\/wp\/v2\/types\/page"}],"author":[{"embeddable":true,"href":"https:\/\/visit-congordc.com\/index.php?rest_route=\/wp\/v2\/users\/1"}],"replies":[{"embeddable":true,"href":"https:\/\/visit-congordc.com\/index.php?rest_route=%2Fwp%2Fv2%2Fcomments&post=377"}],"version-history":[{"count":8,"href":"https:\/\/visit-congordc.com\/index.php?rest_route=\/wp\/v2\/pages\/377\/revisions"}],"predecessor-version":[{"id":1055,"href":"https:\/\/visit-congordc.com\/index.php?rest_route=\/wp\/v2\/pages\/377\/revisions\/1055"}],"wp:attachment":[{"href":"https:\/\/visit-congordc.com\/index.php?rest_route=%2Fwp%2Fv2%2Fmedia&parent=377"}],"curies":[{"name":"wp","href":"https:\/\/api.w.org\/{rel}","templated":true}]}}