{"id":1703,"date":"2025-01-30T03:39:27","date_gmt":"2025-01-30T03:39:27","guid":{"rendered":"https:\/\/visit-congordc.com\/?page_id=1703"},"modified":"2025-02-04T12:01:41","modified_gmt":"2025-02-04T12:01:41","slug":"en-etiez-vous-au-courant","status":"publish","type":"page","link":"https:\/\/visit-congordc.com\/?page_id=1703","title":{"rendered":"En \u00e9tiez-vous au courant\u00a0?"},"content":{"rendered":"\n<div class=\"wp-block-uagb-container uagb-block-f9582a21 alignfull uagb-is-root-container\"><div class=\"uagb-container-inner-blocks-wrap\"><\/div><\/div>\n\n\n\n<p><\/p>\n\n\n\n<div class=\"wp-block-uagb-container uagb-block-060ffc20 alignfull uagb-is-root-container\"><div class=\"uagb-container-inner-blocks-wrap\">\n<p class=\"has-text-align-center\"><strong>Saviez-vous que 70 \u00e0 80 % du coltan et du cobalt utilis\u00e9s dans la fabrication des t\u00e9l\u00e9phones, des ordinateurs et des batteries \u00e9lectriques, notamment dans l&rsquo;industrie automobile, sont extraits de la R\u00e9publique D\u00e9mocratique du Congo (RDC) ? <\/strong><\/p>\n\n\n\n<details class=\"wp-block-details is-layout-flow wp-block-details-is-layout-flow\"><summary><strong>Utile \u00e0 savoir <\/strong>:<em> Il est important de souligner l&rsquo;importance capitale que rev\u00eatent le cobalt et le coltan dans notre monde moderne.<\/em><\/summary>\n<p class=\"has-text-align-center\"><em> Le cobalt est un \u00e9l\u00e9ment essentiel pour la fabrication de batteries rechargeables, pr\u00e9sentes dans un grand nombre d&rsquo;appareils tels que les smartphones, les voitures \u00e9lectriques ou encore les syst\u00e8mes de stockage d&rsquo;\u00e9nergie. De plus, il est utilis\u00e9 dans des domaines aussi vari\u00e9s que l&rsquo;a\u00e9ronautique, la m\u00e9decine ou encore l&rsquo;industrie des aimants et des pigments. Quant au coltan, il fournit du tantale, un mat\u00e9riau indispensable pour la fabrication de condensateurs pr\u00e9sents dans nos t\u00e9l\u00e9phones, ordinateurs et autres appareils \u00e9lectroniques. Il est \u00e9galement utilis\u00e9 dans des applications n\u00e9cessitant une grande r\u00e9sistance \u00e0 la chaleur et \u00e0 la corrosion, comme les missiles, les fus\u00e9es et les avions. En somme, le coltan occupe une place pr\u00e9pond\u00e9rante dans de nombreux secteurs de notre soci\u00e9t\u00e9 moderne. En r\u00e9sum\u00e9, ces deux ressources sont v\u00e9ritablement indispensables \u00e0 la vie quotidienne telle que nous la connaissons.<\/em><\/p>\n<\/details>\n\n\n\n<p class=\"has-text-align-center\"><strong>Saviez-vous que l\u2019extraction et la circulation de ces mati\u00e8res premi\u00e8res sont \u00e0 l\u2019origine des massacres et du g\u00e9nocide de milliers de personnes innocentes au Congo ? Saviez-vous que la transition \u00e9nerg\u00e9tique tant clam\u00e9e a un co\u00fbt humain, celui du peuple congolais ? Connaissiez-vous cette situation macabre avant aujourd&rsquo;hui ? Que pensez-vous de tout ceci ? Faites-le nous savoir dans les commentaires.<\/strong><\/p>\n<\/div><\/div>\n\n\n\n<div class=\"wp-block-uagb-container uagb-block-888cea48 alignfull uagb-is-root-container\"><div class=\"uagb-container-inner-blocks-wrap\">\n<figure class=\"wp-block-audio\"><audio controls src=\"https:\/\/visit-congordc.com\/wp-content\/uploads\/2025\/01\/desouza_santu_homage_a_mzee_kabila_360p_mp3_64424.mp3\" autoplay loop><\/audio><\/figure>\n<\/div><\/div>\n\n\n\n<div class=\"wp-block-uagb-container uagb-block-4ca3031d alignfull uagb-is-root-container\"><div class=\"uagb-container-inner-blocks-wrap\">\n<div class=\"wp-block-comments\"><h2 id=\"comments\" class=\"wp-block-comments-title\">Une r\u00e9ponse<\/h2>\n\n<ol class=\"wp-block-comment-template\"><li id=\"comment-2\" class=\"comment even thread-even depth-1\">\n\n<div class=\"wp-block-columns is-layout-flex wp-container-core-columns-is-layout-28f84493 wp-block-columns-is-layout-flex\">\n<div class=\"wp-block-column is-layout-flow wp-block-column-is-layout-flow\" style=\"flex-basis:40px\"><div class=\"wp-block-avatar\"><img alt='Avatar de Gilles Gu\u00e9gan' src='https:\/\/secure.gravatar.com\/avatar\/bcd3142f05d123dbe57a5a94f187ddeecabeeeb9db42271b06ab22bcadcd1944?s=40&#038;d=mm&#038;r=g' srcset='https:\/\/secure.gravatar.com\/avatar\/bcd3142f05d123dbe57a5a94f187ddeecabeeeb9db42271b06ab22bcadcd1944?s=80&#038;d=mm&#038;r=g 2x' class='avatar avatar-40 photo wp-block-avatar__image' height='40' width='40'  style=\"border-radius:20px;\"\/><\/div><\/div>\n\n\n\n<div class=\"wp-block-column is-layout-flow wp-block-column-is-layout-flow\"><div class=\"wp-block-comment-author-name has-small-font-size\">Gilles Gu\u00e9gan<\/div>\n\n\n<div class=\"wp-block-group is-layout-flex wp-block-group-is-layout-flex\" style=\"margin-top:0px;margin-bottom:0px\"><div class=\"wp-block-comment-date has-small-font-size\"><time datetime=\"2025-02-01T08:15:32+00:00\"><a href=\"https:\/\/visit-congordc.com\/?page_id=1703#comment-2\">f\u00e9vrier 1, 2025<\/a><\/time><\/div>\n\n<\/div>\n\n\n<div class=\"wp-block-comment-content\"><p>Bravo Ghislain, tr\u00e8s beau travail, je pense qu&rsquo;on pourrait arriver un peu plus vite sur les probl\u00e9matiques li\u00e9es \u00e0 l&rsquo;extraction. Bonne continuation !<\/p>\n<\/div>\n\n<\/div>\n<\/div>\n\n<\/li><\/ol>\n\n\n\n\t<div id=\"respond\" class=\"comment-respond wp-block-post-comments-form\">\n\t\t<h3 id=\"reply-title\" class=\"comment-reply-title\">Laisser un commentaire<\/h3><form action=\"https:\/\/visit-congordc.com\/wp-comments-post.php\" method=\"post\" id=\"commentform\" class=\"comment-form\"><p class=\"comment-notes\"><span id=\"email-notes\">Votre adresse de messagerie ne sera pas publi\u00e9e.<\/span> <span class=\"required-field-message\">Les champs obligatoires sont indiqu\u00e9s avec <span class=\"required\">*<\/span><\/span><\/p><p class=\"comment-form-comment\"><label for=\"comment\">Commentaire <span class=\"required\">*<\/span><\/label> <textarea id=\"comment\" name=\"comment\" cols=\"45\" rows=\"8\" maxlength=\"65525\" required><\/textarea><\/p><p class=\"comment-form-author\"><label for=\"author\">Nom <span class=\"required\">*<\/span><\/label> <input id=\"author\" name=\"author\" type=\"text\" value=\"\" size=\"30\" maxlength=\"245\" autocomplete=\"name\" required \/><\/p>\n<p class=\"comment-form-email\"><label for=\"email\">Adresse de messagerie <span class=\"required\">*<\/span><\/label> <input id=\"email\" name=\"email\" type=\"email\" value=\"\" size=\"30\" maxlength=\"100\" aria-describedby=\"email-notes\" autocomplete=\"email\" required \/><\/p>\n<p class=\"comment-form-url\"><label for=\"url\">Site web<\/label> <input id=\"url\" name=\"url\" type=\"url\" value=\"\" size=\"30\" maxlength=\"200\" autocomplete=\"url\" \/><\/p>\n<p class=\"comment-form-cookies-consent\"><input id=\"wp-comment-cookies-consent\" name=\"wp-comment-cookies-consent\" type=\"checkbox\" value=\"yes\" \/> <label for=\"wp-comment-cookies-consent\">Enregistrer mon nom, mon e-mail et mon site web dans le navigateur pour mon prochain commentaire.<\/label><\/p>\n<p class=\"form-submit wp-block-button\"><input name=\"submit\" type=\"submit\" id=\"submit\" class=\"wp-block-button__link wp-element-button\" value=\"Laisser un commentaire\" \/> <input type='hidden' name='comment_post_ID' value='1703' id='comment_post_ID' \/>\n<input type='hidden' name='comment_parent' id='comment_parent' value='0' \/>\n<\/p><\/form>\t<\/div><!-- #respond -->\n\t<\/div>\n<\/div><\/div>\n","protected":false},"excerpt":{"rendered":"<p>Saviez-vous que 70 \u00e0 80 % du coltan et du cobalt utilis\u00e9s dans la fabrication des t\u00e9l\u00e9phones, des ordinateurs et des batteries \u00e9lectriques, notamment dans l&rsquo;industrie automobile, sont extraits de la R\u00e9publique D\u00e9mocratique du Congo (RDC) ? Saviez-vous que l\u2019extraction et la circulation de ces mati\u00e8res premi\u00e8res sont \u00e0 l\u2019origine des massacres et du g\u00e9nocide [&hellip;]<\/p>\n","protected":false},"author":1,"featured_media":0,"parent":0,"menu_order":0,"comment_status":"open","ping_status":"closed","template":"","meta":{"_uag_custom_page_level_css":"","footnotes":""},"class_list":["post-1703","page","type-page","status-publish","hentry"],"uagb_featured_image_src":{"full":false,"thumbnail":false,"medium":false,"medium_large":false,"large":false,"1536x1536":false,"2048x2048":false},"uagb_author_info":{"display_name":"m23011596","author_link":"https:\/\/visit-congordc.com\/?author=1"},"uagb_comment_info":1,"uagb_excerpt":"Saviez-vous que 70 \u00e0 80 % du coltan et du cobalt utilis\u00e9s dans la fabrication des t\u00e9l\u00e9phones, des ordinateurs et des batteries \u00e9lectriques, notamment dans l&rsquo;industrie automobile, sont extraits de la R\u00e9publique D\u00e9mocratique du Congo (RDC) ? Saviez-vous que l\u2019extraction et la circulation de ces mati\u00e8res premi\u00e8res sont \u00e0 l\u2019origine des massacres et du g\u00e9nocide&hellip;","_links":{"self":[{"href":"https:\/\/visit-congordc.com\/index.php?rest_route=\/wp\/v2\/pages\/1703","targetHints":{"allow":["GET"]}}],"collection":[{"href":"https:\/\/visit-congordc.com\/index.php?rest_route=\/wp\/v2\/pages"}],"about":[{"href":"https:\/\/visit-congordc.com\/index.php?rest_route=\/wp\/v2\/types\/page"}],"author":[{"embeddable":true,"href":"https:\/\/visit-congordc.com\/index.php?rest_route=\/wp\/v2\/users\/1"}],"replies":[{"embeddable":true,"href":"https:\/\/visit-congordc.com\/index.php?rest_route=%2Fwp%2Fv2%2Fcomments&post=1703"}],"version-history":[{"count":13,"href":"https:\/\/visit-congordc.com\/index.php?rest_route=\/wp\/v2\/pages\/1703\/revisions"}],"predecessor-version":[{"id":1861,"href":"https:\/\/visit-congordc.com\/index.php?rest_route=\/wp\/v2\/pages\/1703\/revisions\/1861"}],"wp:attachment":[{"href":"https:\/\/visit-congordc.com\/index.php?rest_route=%2Fwp%2Fv2%2Fmedia&parent=1703"}],"curies":[{"name":"wp","href":"https:\/\/api.w.org\/{rel}","templated":true}]}}