{"id":12,"date":"2024-12-11T19:17:37","date_gmt":"2024-12-11T19:17:37","guid":{"rendered":"https:\/\/gislain-dieu-donne-makwinj-etu.pedaweb.univ-amu.fr\/wordpress\/?page_id=12"},"modified":"2025-02-04T11:57:29","modified_gmt":"2025-02-04T11:57:29","slug":"exploration-des-paysages-magnifiques-et-des-richesses-minieres-du-congo","status":"publish","type":"page","link":"https:\/\/visit-congordc.com\/","title":{"rendered":"A la d\u00e9couverte du grand Congo (RDC)"},"content":{"rendered":"\n<div class=\"wp-block-uagb-container uagb-block-175559fa alignfull uagb-is-root-container\"><div class=\"uagb-container-inner-blocks-wrap\"><\/div><\/div>\n\n\n\n<div class=\"wp-block-uagb-container uagb-block-37ad4f4e alignfull uagb-is-root-container\"><div class=\"uagb-container-inner-blocks-wrap\"><\/div><\/div>\n\n\n\n<div class=\"wp-block-uagb-container uagb-block-6c45ba00 alignfull uagb-is-root-container\"><div class=\"uagb-container-inner-blocks-wrap\">\n<div class=\"wp-block-group is-layout-constrained wp-container-core-group-is-layout-f611be13 wp-block-group-is-layout-constrained\" style=\"padding-top:var(--wp--preset--spacing--50);padding-right:var(--wp--preset--spacing--50);padding-bottom:var(--wp--preset--spacing--50);padding-left:var(--wp--preset--spacing--50)\">\n<figure class=\"wp-block-image aligncenter size-large has-custom-border\" style=\"margin-top:var(--wp--preset--spacing--70);margin-right:var(--wp--preset--spacing--80);margin-bottom:var(--wp--preset--spacing--70);margin-left:var(--wp--preset--spacing--80)\"><img fetchpriority=\"high\" decoding=\"async\" width=\"1024\" height=\"724\" src=\"https:\/\/visit-congordc.com\/wp-content\/uploads\/2025\/01\/RDC-1024x724.png\" alt=\"\" class=\"wp-image-700\" style=\"border-radius:40px\" srcset=\"https:\/\/visit-congordc.com\/wp-content\/uploads\/2025\/01\/RDC-1024x724.png 1024w, https:\/\/visit-congordc.com\/wp-content\/uploads\/2025\/01\/RDC-300x212.png 300w, https:\/\/visit-congordc.com\/wp-content\/uploads\/2025\/01\/RDC-768x543.png 768w, https:\/\/visit-congordc.com\/wp-content\/uploads\/2025\/01\/RDC-1536x1086.png 1536w, https:\/\/visit-congordc.com\/wp-content\/uploads\/2025\/01\/RDC-2048x1448.png 2048w\" sizes=\"(max-width: 1024px) 100vw, 1024px\" \/><\/figure>\n<\/div>\n\n\n\n<figure class=\"wp-block-audio aligncenter\"><audio controls src=\"https:\/\/visit-congordc.com\/wp-content\/uploads\/2025\/01\/african_sunrise_mp3_35486.mp3\" autoplay loop preload=\"auto\"><\/audio><\/figure>\n<\/div><\/div>\n\n\n\n<div class=\"wp-block-uagb-container uagb-block-f3ef7766 alignfull uagb-is-root-container\"><div class=\"uagb-container-inner-blocks-wrap\"><\/div><\/div>\n\n\n\n<details class=\"wp-block-details alignwide is-layout-flow wp-block-details-is-layout-flow\"><summary>La R\u00e9publique D\u00e9mocratique du Congo (RDC), \u00e9galement connue sous les noms de RD Congo ou Congo-Kinshasa, est un vaste pays d&rsquo;Afrique centrale. Sa capitale est Kinshasa et le fran\u00e7ais est la langue officielle, bien que des langues nationales comme le lingala, le kikongo, le swahili et le tshiluba soient \u00e9galement couramment parl\u00e9es. Avec environ 109 millions d&rsquo;habitants, la RDC est le troisi\u00e8me pays le plus peupl\u00e9 d&rsquo;Afrique et s&rsquo;\u00e9tend sur 2,345 millions de km\u00b2, ce qui en fait le deuxi\u00e8me plus grand pays du continent apr\u00e8s l&rsquo;Alg\u00e9rie. La RDC est dot\u00e9e de ressources naturelles abondantes, notamment des minerais tels que le cuivre, le cobalt et les diamants.<\/summary>\n<p>Ces richesses naturelles attirent l&rsquo;int\u00e9r\u00eat de nombreuses nations et entreprises internationales, ce qui a aliment\u00e9 des conflits prolong\u00e9s dans la r\u00e9gion. Ces conflits ont engendr\u00e9 une crise humanitaire grave et un g\u00e9nocide qui perdure depuis plus de 25 ans. L&rsquo;histoire de la RDC est marqu\u00e9e par la colonisation belge, l&rsquo;ind\u00e9pendance en 1960, et des p\u00e9riodes de conflits. Aujourd&rsquo;hui, le pays s&rsquo;efforce de se reconstruire et de d\u00e9velopper son \u00e9conomie et ses infrastructures. Elle abrite \u00e9galement le Grand Bassin du Congo, une immense r\u00e9gion foresti\u00e8re essentielle \u00e0 la r\u00e9gulation du climat mondial.<\/p>\n<\/details>\n\n\n\n<div class=\"wp-block-uagb-container uagb-block-a1cd137a alignfull uagb-is-root-container\"><div class=\"uagb-container-inner-blocks-wrap\">\n<div class=\"wp-block-uagb-container uagb-block-1fa7c843\"><\/div>\n\n\n\n<div class=\"wp-block-uagb-container uagb-block-31ce94f9\"><\/div>\n<\/div><\/div>\n\n\n\n<div class=\"wp-block-uagb-container uagb-block-8417e5eb alignfull uagb-is-root-container\"><div class=\"uagb-container-inner-blocks-wrap\">\n<p class=\"has-text-align-center has-large-font-size\"><strong>Le grand bassin du Congo<\/strong><\/p>\n<\/div><\/div>\n\n\n\n<div class=\"wp-block-uagb-container uagb-block-34cfc5a1 alignfull uagb-is-root-container\"><div class=\"uagb-container-inner-blocks-wrap\"><\/div><\/div>\n\n\n\n<div class=\"wp-block-group alignwide is-layout-constrained wp-block-group-is-layout-constrained\">\n<div class=\"wp-block-uagb-container uagb-block-713a3f70 alignfull uagb-is-root-container\"><div class=\"uagb-container-inner-blocks-wrap\">\n<div class=\"wp-block-group is-layout-constrained wp-block-group-is-layout-constrained\">\n<div class=\"wp-block-group alignfull is-layout-constrained wp-block-group-is-layout-constrained\">\n<div class=\"wp-block-uagb-container uagb-block-8a680ccf\">\n<div class=\"wp-block-group is-layout-constrained wp-block-group-is-layout-constrained\">\n<div class=\"wp-block-group alignfull is-layout-constrained wp-block-group-is-layout-constrained\">\n<div class=\"wp-block-group alignwide is-layout-constrained wp-block-group-is-layout-constrained\">\n<div class=\"wp-block-uagb-container uagb-block-66433194\"><\/div>\n<\/div>\n\n\n\n<div class=\"wp-block-group alignwide is-layout-constrained wp-block-group-is-layout-constrained\">\n<div class=\"wp-block-uagb-container uagb-block-86a254c9\"><\/div>\n\n\n\n<div class=\"wp-block-uagb-container uagb-block-1cae06d0\"><\/div>\n\n\n\n<p class=\"has-text-align-center has-small-font-size\"><strong><mark style=\"background-color:#000000\" class=\"has-inline-color has-background-color\">La for\u00eat \u00e9quatoriale<\/mark><\/strong><\/p>\n<\/div>\n<\/div>\n<\/div>\n<\/div>\n<\/div>\n<\/div>\n<\/div><\/div>\n<\/div>\n\n\n\n<div class=\"wp-block-uagb-container uagb-block-79274240 alignfull uagb-is-root-container\"><div class=\"uagb-container-inner-blocks-wrap\"><\/div><\/div>\n\n\n\n<div class=\"wp-block-uagb-container uagb-block-fa3d8324 alignfull uagb-is-root-container\"><div class=\"uagb-container-inner-blocks-wrap\"><\/div><\/div>\n\n\n\n<details class=\"wp-block-details alignwide is-layout-flow wp-block-details-is-layout-flow\"><summary>Le grand bassin du Congo est une r\u00e9gion d&rsquo;une beaut\u00e9 naturelle exceptionnelle, abritant certains des paysages les plus \u00e9poustouflants de la plan\u00e8te. Cette vaste \u00e9tendue de for\u00eats tropicales, de rivi\u00e8res sinueuses et de montagnes majestueuses offre un spectacle \u00e0 couper le souffle. Les for\u00eats \u00e9quatoriales du bassin du Congo sont consid\u00e9r\u00e9es comme l&rsquo;un des joyaux de notre plan\u00e8te. <\/summary>\n<p>En effet, elle est la deuxi\u00e8me plus grande for\u00eat tropicale du monde apr\u00e8s l&rsquo;Amazonie. Gr\u00e2ce \u00e0 sa v\u00e9g\u00e9tation luxuriante, elle joue un r\u00f4le crucial dans la r\u00e9gulation du climat mondial en absorbant de grandes quantit\u00e9s de dioxyde de carbone, ce qui en fait un v\u00e9ritable puits de carbone. Du fait de son importance \u00e9cologique incontestable, cette for\u00eat est essentielle \u00e0 la pr\u00e9servation de la biodiversit\u00e9 et \u00e0 la lutte contre le changement climatique. Les for\u00eats tropicales du bassin du Congo sont parmi les plus grandes et les plus anciennes du monde. Elles regorgent de biodiversit\u00e9, abritant une multitude d&rsquo;esp\u00e8ces animales et v\u00e9g\u00e9tales uniques. Les arbres g\u00e9ants, les lianes entrelac\u00e9es et la canop\u00e9e dense cr\u00e9ent un environnement myst\u00e9rieux et fascinant. Les montagnes, comme les monts Mitumba et les montagnes de l&rsquo;Est, ajoutent une dimension suppl\u00e9mentaire \u00e0 la beaut\u00e9 du bassin du Congo. Leurs sommets offrent des vues panoramiques sur les for\u00eats et les vall\u00e9es en contrebas, cr\u00e9ant des paysages d&rsquo;une grande diversit\u00e9. Les rivi\u00e8res du bassin du Congo, telles que le fleuve Congo, serpentent \u00e0 travers la for\u00eat, formant des m\u00e9andres et des cascades spectaculaires. Ces cours d&rsquo;eau sont essentiels \u00e0 la vie de la r\u00e9gion, fournissant de l&rsquo;eau douce et des voies de transport naturelles. En somme, le grand bassin du Congo est un tr\u00e9sor naturel d&rsquo;une richesse inestimable. Ses paysages vari\u00e9s et sa biodiversit\u00e9 exceptionnelle en font une destination incontournable pour les amoureux de la nature et les aventuriers.<\/p>\n<\/details>\n\n\n\n<div class=\"wp-block-uagb-container uagb-block-d4d08fed alignfull uagb-is-root-container\"><div class=\"uagb-container-inner-blocks-wrap\">\n<div class=\"wp-block-uagb-container uagb-block-2b81e438\"><\/div>\n\n\n\n<div class=\"wp-block-uagb-container uagb-block-67f8689a\"><\/div>\n<\/div><\/div>\n\n\n\n<div class=\"wp-block-uagb-container uagb-block-bc44e045 alignfull uagb-is-root-container\"><div class=\"uagb-container-inner-blocks-wrap\">\n<div class=\"wp-block-group is-layout-constrained wp-block-group-is-layout-constrained\">\n<div class=\"wp-block-group is-layout-constrained wp-block-group-is-layout-constrained\">\n<div class=\"wp-block-uagb-container uagb-block-e2ef9774\">\n<div class=\"wp-block-group is-layout-constrained wp-block-group-is-layout-constrained\">\n<div class=\"wp-block-group is-layout-constrained wp-block-group-is-layout-constrained\">\n<div class=\"wp-block-group is-layout-constrained wp-block-group-is-layout-constrained\">\n<figure class=\"wp-block-image aligncenter size-thumbnail is-style-rounded\"><img decoding=\"async\" width=\"150\" height=\"150\" src=\"https:\/\/visit-congordc.com\/wp-content\/uploads\/2025\/01\/Designer-150x150.jpg\" alt=\"\" class=\"wp-image-1615\" srcset=\"https:\/\/visit-congordc.com\/wp-content\/uploads\/2025\/01\/Designer-150x150.jpg 150w, https:\/\/visit-congordc.com\/wp-content\/uploads\/2025\/01\/Designer-300x300.jpg 300w, https:\/\/visit-congordc.com\/wp-content\/uploads\/2025\/01\/Designer-768x768.jpg 768w, https:\/\/visit-congordc.com\/wp-content\/uploads\/2025\/01\/Designer.jpg 1024w\" sizes=\"(max-width: 150px) 100vw, 150px\" \/><\/figure>\n<\/div>\n<\/div>\n\n\n\n<div class=\"wp-block-group alignwide is-layout-constrained wp-block-group-is-layout-constrained\">\n<p class=\"has-text-align-center has-small-font-size\"><strong><strong>Cliquez sur les images\/titres ci-dessous et d\u00e9couvrez le grand Congo (RDC)<\/strong><\/strong><\/p>\n\n\n\n<div class=\"wp-block-uagb-container uagb-block-85c77007\"><\/div>\n<\/div>\n<\/div>\n<\/div>\n<\/div>\n<\/div>\n<\/div><\/div>\n\n\n\n<div class=\"wp-block-group alignwide is-layout-constrained wp-block-group-is-layout-constrained\">\n<div class=\"wp-block-uagb-container uagb-block-4c821aaa alignfull uagb-is-root-container\"><div class=\"uagb-container-inner-blocks-wrap\">\n<div class=\"wp-block-uagb-container uagb-block-9644031e\">\n<figure class=\"wp-block-image size-large has-custom-border\" style=\"margin-top:var(--wp--preset--spacing--80);margin-right:0;margin-bottom:var(--wp--preset--spacing--80);margin-left:0\"><a href=\"https:\/\/visit-congordc.com\/?page_id=384\"><img decoding=\"async\" width=\"1024\" height=\"640\" src=\"https:\/\/visit-congordc.com\/wp-content\/uploads\/2025\/01\/FLEUVE-CONGO-1-1024x640.jpg\" alt=\"\" class=\"has-border-color has-background-border-color wp-image-709\" style=\"border-width:2px;border-radius:15px\" srcset=\"https:\/\/visit-congordc.com\/wp-content\/uploads\/2025\/01\/FLEUVE-CONGO-1-1024x640.jpg 1024w, https:\/\/visit-congordc.com\/wp-content\/uploads\/2025\/01\/FLEUVE-CONGO-1-300x188.jpg 300w, https:\/\/visit-congordc.com\/wp-content\/uploads\/2025\/01\/FLEUVE-CONGO-1-768x480.jpg 768w, https:\/\/visit-congordc.com\/wp-content\/uploads\/2025\/01\/FLEUVE-CONGO-1.jpg 1440w\" sizes=\"(max-width: 1024px) 100vw, 1024px\" \/><\/a><figcaption class=\"wp-element-caption\"><strong><a href=\"https:\/\/visit-congordc.com\/?page_id=384\" data-type=\"page\" data-id=\"384\"><mark style=\"background-color:#000000\" class=\"has-inline-color has-background-color\">Fleuve Congo<\/mark><\/a><\/strong><\/figcaption><\/figure>\n<\/div>\n\n\n\n<div class=\"wp-block-uagb-container uagb-block-80937767\">\n<figure class=\"wp-block-image size-large has-custom-border\" style=\"margin-top:var(--wp--preset--spacing--80);margin-bottom:var(--wp--preset--spacing--80)\"><a href=\"https:\/\/visit-congordc.com\/?page_id=369\"><img loading=\"lazy\" decoding=\"async\" width=\"1024\" height=\"640\" src=\"https:\/\/visit-congordc.com\/wp-content\/uploads\/2024\/12\/PARC-DE-VIRUNGA-1024x640.png\" alt=\"\" class=\"has-border-color has-background-border-color wp-image-510\" style=\"border-width:2px;border-radius:15px\" srcset=\"https:\/\/visit-congordc.com\/wp-content\/uploads\/2024\/12\/PARC-DE-VIRUNGA-1024x640.png 1024w, https:\/\/visit-congordc.com\/wp-content\/uploads\/2024\/12\/PARC-DE-VIRUNGA-300x188.png 300w, https:\/\/visit-congordc.com\/wp-content\/uploads\/2024\/12\/PARC-DE-VIRUNGA-768x480.png 768w, https:\/\/visit-congordc.com\/wp-content\/uploads\/2024\/12\/PARC-DE-VIRUNGA.png 1440w\" sizes=\"(max-width: 1024px) 100vw, 1024px\" \/><\/a><figcaption class=\"wp-element-caption\"><strong><a href=\"https:\/\/visit-congordc.com\/?page_id=369\" data-type=\"page\" data-id=\"369\"><mark style=\"background-color:#000000\" class=\"has-inline-color has-background-color\">Le parc de Virunga<\/mark><\/a><\/strong><\/figcaption><\/figure>\n<\/div>\n<\/div><\/div>\n<\/div>\n\n\n\n<div class=\"wp-block-uagb-container uagb-block-72a4d946 alignfull uagb-is-root-container\"><div class=\"uagb-container-inner-blocks-wrap\">\n<div class=\"wp-block-uagb-container uagb-block-51a7e4d5\">\n<figure class=\"wp-block-image size-large has-custom-border\" style=\"margin-top:var(--wp--preset--spacing--80);margin-bottom:var(--wp--preset--spacing--80)\"><a href=\"https:\/\/visit-congordc.com\/?page_id=377\"><img loading=\"lazy\" decoding=\"async\" width=\"1024\" height=\"640\" src=\"https:\/\/visit-congordc.com\/wp-content\/uploads\/2024\/12\/OKAPI-1024x640.png\" alt=\"\" class=\"has-border-color has-foreground-border-color wp-image-509\" style=\"border-width:2px;border-radius:15px\" srcset=\"https:\/\/visit-congordc.com\/wp-content\/uploads\/2024\/12\/OKAPI-1024x640.png 1024w, https:\/\/visit-congordc.com\/wp-content\/uploads\/2024\/12\/OKAPI-300x188.png 300w, https:\/\/visit-congordc.com\/wp-content\/uploads\/2024\/12\/OKAPI-768x480.png 768w, https:\/\/visit-congordc.com\/wp-content\/uploads\/2024\/12\/OKAPI.png 1440w\" sizes=\"(max-width: 1024px) 100vw, 1024px\" \/><\/a><figcaption class=\"wp-element-caption\"><strong><a href=\"https:\/\/visit-congordc.com\/?page_id=377\" data-type=\"page\" data-id=\"377\"><mark style=\"background-color:#000000\" class=\"has-inline-color has-background-color\">La r\u00e9serve d&rsquo;Okapi<\/mark><\/a><\/strong><\/figcaption><\/figure>\n<\/div>\n\n\n\n<div class=\"wp-block-uagb-container uagb-block-baaa14f7\">\n<figure class=\"wp-block-image size-large has-custom-border\" style=\"margin-top:var(--wp--preset--spacing--80);margin-bottom:var(--wp--preset--spacing--80)\"><a href=\"https:\/\/visit-congordc.com\/?page_id=387\"><img loading=\"lazy\" decoding=\"async\" width=\"1024\" height=\"640\" src=\"https:\/\/visit-congordc.com\/wp-content\/uploads\/2025\/01\/KIN-1024x640.jpg\" alt=\"\" class=\"has-border-color has-foreground-border-color wp-image-710\" style=\"border-width:2px;border-radius:15px\" srcset=\"https:\/\/visit-congordc.com\/wp-content\/uploads\/2025\/01\/KIN-1024x640.jpg 1024w, https:\/\/visit-congordc.com\/wp-content\/uploads\/2025\/01\/KIN-300x188.jpg 300w, https:\/\/visit-congordc.com\/wp-content\/uploads\/2025\/01\/KIN-768x480.jpg 768w, https:\/\/visit-congordc.com\/wp-content\/uploads\/2025\/01\/KIN.jpg 1440w\" sizes=\"(max-width: 1024px) 100vw, 1024px\" \/><\/a><figcaption class=\"wp-element-caption\"><strong><a href=\"https:\/\/visit-congordc.com\/?page_id=387\" data-type=\"page\" data-id=\"387\"><mark style=\"background-color:#000000\" class=\"has-inline-color has-background-color\">Kinshasa la belle<\/mark><\/a><\/strong><\/figcaption><\/figure>\n<\/div>\n<\/div><\/div>\n\n\n\n<div class=\"wp-block-uagb-container uagb-block-edeeab9f alignfull uagb-is-root-container\"><div class=\"uagb-container-inner-blocks-wrap\">\n<div class=\"wp-block-uagb-container uagb-block-a2bf1c78\">\n<figure class=\"wp-block-image size-large has-custom-border\" style=\"margin-top:var(--wp--preset--spacing--80);margin-bottom:var(--wp--preset--spacing--80)\"><a href=\"https:\/\/visit-congordc.com\/?page_id=540\"><img loading=\"lazy\" decoding=\"async\" width=\"1024\" height=\"640\" src=\"https:\/\/visit-congordc.com\/wp-content\/uploads\/2025\/01\/gm-1024x640.jpg\" alt=\"\" class=\"has-border-color has-foreground-border-color wp-image-728\" style=\"border-width:2px;border-radius:15px;object-fit:cover\" srcset=\"https:\/\/visit-congordc.com\/wp-content\/uploads\/2025\/01\/gm-1024x640.jpg 1024w, https:\/\/visit-congordc.com\/wp-content\/uploads\/2025\/01\/gm-300x188.jpg 300w, https:\/\/visit-congordc.com\/wp-content\/uploads\/2025\/01\/gm-768x480.jpg 768w, https:\/\/visit-congordc.com\/wp-content\/uploads\/2025\/01\/gm.jpg 1440w\" sizes=\"(max-width: 1024px) 100vw, 1024px\" \/><\/a><figcaption class=\"wp-element-caption\"><strong><a href=\"https:\/\/visit-congordc.com\/?page_id=540\"><mark style=\"background-color:#000000\" class=\"has-inline-color has-background-color\">Goma \u2013 Nord KIVU<\/mark><\/a><\/strong><\/figcaption><\/figure>\n<\/div>\n\n\n\n<div class=\"wp-block-uagb-container uagb-block-41ffbbac\">\n<figure class=\"wp-block-image size-large has-custom-border\" style=\"margin-top:var(--wp--preset--spacing--80);margin-bottom:var(--wp--preset--spacing--80)\"><a href=\"https:\/\/visit-congordc.com\/?page_id=543\"><img loading=\"lazy\" decoding=\"async\" width=\"1024\" height=\"640\" src=\"https:\/\/visit-congordc.com\/wp-content\/uploads\/2025\/01\/hk-1024x640.jpg\" alt=\"\" class=\"has-border-color has-foreground-border-color wp-image-722\" style=\"border-width:2px;border-radius:15px;object-fit:cover\" srcset=\"https:\/\/visit-congordc.com\/wp-content\/uploads\/2025\/01\/hk-1024x640.jpg 1024w, https:\/\/visit-congordc.com\/wp-content\/uploads\/2025\/01\/hk-300x188.jpg 300w, https:\/\/visit-congordc.com\/wp-content\/uploads\/2025\/01\/hk-768x480.jpg 768w, https:\/\/visit-congordc.com\/wp-content\/uploads\/2025\/01\/hk.jpg 1440w\" sizes=\"(max-width: 1024px) 100vw, 1024px\" \/><\/a><figcaption class=\"wp-element-caption\"><strong><a href=\"https:\/\/visit-congordc.com\/?page_id=543\"><mark style=\"background-color:#000000\" class=\"has-inline-color has-background-color\">Le Haut KATANGA<\/mark><\/a><\/strong><\/figcaption><\/figure>\n<\/div>\n<\/div><\/div>\n\n\n\n<div class=\"wp-block-uagb-container uagb-block-d7302cf9 alignfull uagb-is-root-container\"><div class=\"uagb-container-inner-blocks-wrap\"><\/div><\/div>\n\n\n\n<div class=\"wp-block-uagb-container uagb-block-81fe19cc alignfull uagb-is-root-container\"><div class=\"uagb-container-inner-blocks-wrap\"><\/div><\/div>\n\n\n\n<p><\/p>\n","protected":false},"excerpt":{"rendered":"<p>Le grand bassin du Congo La for\u00eat \u00e9quatoriale Cliquez sur les images\/titres ci-dessous et d\u00e9couvrez le grand Congo (RDC)<\/p>\n","protected":false},"author":1,"featured_media":0,"parent":0,"menu_order":0,"comment_status":"closed","ping_status":"closed","template":"","meta":{"_uag_custom_page_level_css":"","footnotes":""},"class_list":["post-12","page","type-page","status-publish","hentry"],"uagb_featured_image_src":{"full":false,"thumbnail":false,"medium":false,"medium_large":false,"large":false,"1536x1536":false,"2048x2048":false},"uagb_author_info":{"display_name":"m23011596","author_link":"https:\/\/visit-congordc.com\/?author=1"},"uagb_comment_info":0,"uagb_excerpt":"Le grand bassin du Congo La for\u00eat \u00e9quatoriale Cliquez sur les images\/titres ci-dessous et d\u00e9couvrez le grand Congo (RDC)","_links":{"self":[{"href":"https:\/\/visit-congordc.com\/index.php?rest_route=\/wp\/v2\/pages\/12","targetHints":{"allow":["GET"]}}],"collection":[{"href":"https:\/\/visit-congordc.com\/index.php?rest_route=\/wp\/v2\/pages"}],"about":[{"href":"https:\/\/visit-congordc.com\/index.php?rest_route=\/wp\/v2\/types\/page"}],"author":[{"embeddable":true,"href":"https:\/\/visit-congordc.com\/index.php?rest_route=\/wp\/v2\/users\/1"}],"replies":[{"embeddable":true,"href":"https:\/\/visit-congordc.com\/index.php?rest_route=%2Fwp%2Fv2%2Fcomments&post=12"}],"version-history":[{"count":389,"href":"https:\/\/visit-congordc.com\/index.php?rest_route=\/wp\/v2\/pages\/12\/revisions"}],"predecessor-version":[{"id":1865,"href":"https:\/\/visit-congordc.com\/index.php?rest_route=\/wp\/v2\/pages\/12\/revisions\/1865"}],"wp:attachment":[{"href":"https:\/\/visit-congordc.com\/index.php?rest_route=%2Fwp%2Fv2%2Fmedia&parent=12"}],"curies":[{"name":"wp","href":"https:\/\/api.w.org\/{rel}","templated":true}]}}